{"id":743,"date":"2024-08-05T14:05:29","date_gmt":"2024-08-05T14:05:29","guid":{"rendered":"http:\/\/vansteenderendekok.nl\/nieuw\/?page_id=743"},"modified":"2024-08-19T14:18:28","modified_gmt":"2024-08-19T14:18:28","slug":"telefoonboek-bergfeld-2007-d","status":"publish","type":"page","link":"http:\/\/vansteenderendekok.nl\/nieuw\/telefoonboek-bergfeld-2007-d\/","title":{"rendered":"Telefoonboek Bergfeld 2007 (D)"},"content":{"rendered":"\n<p class=\"has-text-align-center has-x-large-font-size\"><mark style=\"background-color:rgba(0, 0, 0, 0);color:#ffff00\" class=\"has-inline-color\">ACHTERGROND INFORMATIE<\/mark><em> Telefoonboek Bergfeld 2007 (D)<\/em><\/p>\n\n\n\n<hr class=\"wp-block-separator has-alpha-channel-opacity is-style-wide\"\/>\n\n\n\n<div class=\"wp-block-columns is-layout-flex wp-container-core-columns-is-layout-28f84493 wp-block-columns-is-layout-flex\">\n<div class=\"wp-block-column has-global-padding is-layout-constrained wp-container-core-column-is-layout-b13d32f8 wp-block-column-is-layout-constrained\" style=\"padding-right:var(--wp--preset--spacing--10);padding-left:var(--wp--preset--spacing--10)\">\n<div class=\"wp-block-buttons is-content-justification-center is-layout-flex wp-container-core-buttons-is-layout-a89b3969 wp-block-buttons-is-layout-flex\">\n<div class=\"wp-block-button\"><a class=\"wp-block-button__link has-background wp-element-button\" href=\"http:\/\/vansteenderendekok.nl\/nieuw\/menu-familie-bergveld\/\" style=\"background-color:#ffff00\">Terug<\/a><\/div>\n<\/div>\n\n\n\n<p class=\"has-text-align-center\">Aantal vermeldingen van de familienaam <strong><mark style=\"background-color:rgba(0, 0, 0, 0);color:#ffff00\" class=\"has-inline-color\">BERGFELD<\/mark><\/strong> in het Duitse telefoonboek van 2007.<\/p>\n\n\n\n<figure class=\"wp-block-image aligncenter size-full is-resized\"><img loading=\"lazy\" decoding=\"async\" width=\"448\" height=\"582\" src=\"http:\/\/vansteenderendekok.nl\/nieuw\/wp-content\/uploads\/2024\/08\/Telefoonboek-Bergfeld-2007-D.jpg\" alt=\"\" class=\"wp-image-745\" style=\"width:599px\" srcset=\"http:\/\/vansteenderendekok.nl\/nieuw\/wp-content\/uploads\/2024\/08\/Telefoonboek-Bergfeld-2007-D.jpg 448w, http:\/\/vansteenderendekok.nl\/nieuw\/wp-content\/uploads\/2024\/08\/Telefoonboek-Bergfeld-2007-D-231x300.jpg 231w\" sizes=\"auto, (max-width: 448px) 100vw, 448px\" \/><\/figure>\n\n\n\n<p><em><strong>Statistik: Zahlen zum Nachnamen &#8216;Bergfeld&#8217;<\/strong><\/em><br>In Deutschland gibt es <strong><em>546 Telefonbucheintr\u00e4g<\/em>e<\/strong> zum Namen Bergfeld und damit ca. <em><strong>1456 Personen mit diesem Nachnamen<\/strong><\/em>.<\/p>\n\n\n\n<p>Diese leben in <strong><em>157 verschiedenen Kreisen und St\u00e4dten<\/em><\/strong><em>.<\/em> Die meisten Anschl\u00fcsse sind in <strong><em>M\u00e4rkischer Kreis<\/em><\/strong> gemeldet, n\u00e4mlich 31.<\/p>\n\n\n\n<p>Weitere Kreise\/St\u00e4dte mit besonders vielen Namenstr\u00e4gern sind <strong><em>Solingen<\/em><\/strong> (25), <strong><em>Osnabr\u00fcck<\/em><\/strong> (23), <em><strong>Steinfur<\/strong>t<\/em> (22), <em><strong>Berli<\/strong>n<\/em> (20), <strong><em>Mettmann<\/em><\/strong> (19), <strong><em>Grafschaft Benthei<\/em>m<\/strong> (17), <em><strong>K\u00f6l<\/strong>n<\/em> (14), <strong><em>Wupperta<\/em>l<\/strong> (13) und <strong><em>Wernigero<\/em>de<\/strong> mit 10 Eintr\u00e4gen.<\/p>\n\n\n\n<div class=\"wp-block-buttons is-content-justification-center is-layout-flex wp-container-core-buttons-is-layout-a89b3969 wp-block-buttons-is-layout-flex\">\n<div class=\"wp-block-button\"><a class=\"wp-block-button__link has-background wp-element-button\" href=\"http:\/\/vansteenderendekok.nl\/nieuw\/menu-familie-bergveld\/\" style=\"background-color:#ffff00\">Terug<\/a><\/div>\n<\/div>\n<\/div>\n<\/div>\n","protected":false},"excerpt":{"rendered":"<p>ACHTERGROND INFORMATIE Telefoonboek Bergfeld 2007 (D) Aantal vermeldingen van de familienaam BERGFELD in het Duitse telefoonboek van 2007. Statistik: Zahlen zum Nachnamen &#8216;Bergfeld&#8217;In Deutschland gibt es 546 Telefonbucheintr\u00e4ge zum Namen Bergfeld und damit ca. 1456 Personen mit diesem Nachnamen. Diese leben in 157 verschiedenen Kreisen und St\u00e4dten. Die meisten Anschl\u00fcsse sind in M\u00e4rkischer Kreis gemeldet, [&hellip;]<\/p>\n","protected":false},"author":1,"featured_media":0,"parent":0,"menu_order":0,"comment_status":"closed","ping_status":"closed","template":"","meta":{"footnotes":""},"class_list":["post-743","page","type-page","status-publish","hentry"],"_links":{"self":[{"href":"http:\/\/vansteenderendekok.nl\/nieuw\/wp-json\/wp\/v2\/pages\/743","targetHints":{"allow":["GET"]}}],"collection":[{"href":"http:\/\/vansteenderendekok.nl\/nieuw\/wp-json\/wp\/v2\/pages"}],"about":[{"href":"http:\/\/vansteenderendekok.nl\/nieuw\/wp-json\/wp\/v2\/types\/page"}],"author":[{"embeddable":true,"href":"http:\/\/vansteenderendekok.nl\/nieuw\/wp-json\/wp\/v2\/users\/1"}],"replies":[{"embeddable":true,"href":"http:\/\/vansteenderendekok.nl\/nieuw\/wp-json\/wp\/v2\/comments?post=743"}],"version-history":[{"count":6,"href":"http:\/\/vansteenderendekok.nl\/nieuw\/wp-json\/wp\/v2\/pages\/743\/revisions"}],"predecessor-version":[{"id":850,"href":"http:\/\/vansteenderendekok.nl\/nieuw\/wp-json\/wp\/v2\/pages\/743\/revisions\/850"}],"wp:attachment":[{"href":"http:\/\/vansteenderendekok.nl\/nieuw\/wp-json\/wp\/v2\/media?parent=743"}],"curies":[{"name":"wp","href":"https:\/\/api.w.org\/{rel}","templated":true}]}}